{"id":26118,"date":"2024-05-08T16:44:04","date_gmt":"2024-05-08T09:44:04","guid":{"rendered":"https:\/\/cdcangiang.vn\/?page_id=26118"},"modified":"2025-10-07T11:25:15","modified_gmt":"2025-10-07T04:25:15","slug":"tthc-kiem-dich-y-te","status":"publish","type":"page","link":"https:\/\/cdcangiang.vn\/index.php\/tthc-kiem-dich-y-te\/","title":{"rendered":"TTHC: Ki\u1ec3m d\u1ecbch y t\u1ebf"},"content":{"rendered":"<p style=\"text-align: justify;\"><span style=\"font-size: 14pt;\">C\u00f4ng b\u1ed1, c\u00f4ng khai 03 th\u1ee7 t\u1ee5c h\u00e0nh ch\u00ednh v\u1ec1 Ki\u1ec3m d\u1ecbch y t\u1ebf t\u1ea1i Trung t\u00e2m Ki\u1ec3m so\u00e1t b\u1ec7nh t\u1eadt t\u1ec9nh An Giang tr\u00ean C\u1ed5ng d\u1ecbch v\u1ee5 c\u00f4ng Qu\u1ed1c gia v<\/span><span style=\"font-size: 14pt;\">\u00e0 theo Ph\u1ee5 l\u1ee5c 2: Danh m\u1ee5c th\u1ee7 t\u1ee5c h\u00e0nh ch\u00ednh kh\u00f4ng th\u1ef1c hi\u1ec7n ti\u1ebfp nh\u1eadn t\u1ea1i Trung t\u00e2m Ph\u1ee5c v\u1ee5 h\u00e0nh ch\u00ednh c\u00f4ng c\u1ea5p t\u1ec9nh tr\u00ean \u0111\u1ecba b\u00e0n t\u1ec9nh An Giang <\/span><span style=\"font-size: 14pt;\">\u0111\u01b0\u1ee3c ban h\u00e0nh k\u00e8m theo Quy\u1ebft \u0111\u1ecbnh s\u1ed1: 230\/Q\u0110-UBND ng\u00e0y 11\/07\/2025 c\u1ee7a UBND t\u1ec9nh An Giang v\u1ec1 vi\u1ec7c c\u00f4ng b\u1ed1 danh m\u1ee5c th\u1ee7 t\u1ee5c h\u00e0nh ch\u00ednh th\u1ef1c hi\u1ec7n ti\u1ebfp nh\u1eadn v\u00e0 kh\u00f4ng ti\u1ebfp nh\u1eadn t\u1ea1i Trung t\u00e2m Ph\u1ee5c v\u1ee5 h\u00e0nh ch\u00ednh c\u00f4ng c\u1ea5p t\u1ec9nh v\u00e0 th\u1ef1c hi\u1ec7n kh\u00f4ng ph\u1ee5 thu\u1ed9c v\u00e0o \u0111\u1ecba gi\u1edbi h\u00e0nh ch\u00ednh tr\u00ean \u0111\u1ecba b\u00e0n t\u1ec9nh An Giang, c\u1ee5 th\u1ec3 nh\u01b0 sau:<\/span><\/p>\n<p><strong>1. Th\u1ee7 t\u1ee5c Ki\u1ec3m d\u1ecbch y t\u1ebf \u0111\u1ed1i v\u1edbi h\u00e0ng h\u00f3a:<\/strong> <a href=\"https:\/\/dichvucong.gov.vn\/p\/home\/dvc-danh-sach-dich-vu-cong.html?tu_khoa=&amp;bo_nganh=&amp;tinh_thanh=T%E1%BB%89nh%20An%20Giang&amp;so=S%E1%BB%9F%20Y%20t%E1%BA%BF%20-%20t%E1%BB%89nh%20An%20Giang&amp;quan_huyen=&amp;phuong_xa=&amp;ma_tt=2.000981&amp;id_tinh_thanh=13464&amp;id_quan_huyen=-1&amp;id_phuong_xa=undefined&amp;id_so=398212&amp;id_bo_nganh=-1\" target=\"_blank\" rel=\"noopener\">Th\u00f4ng tin chi ti\u1ebft t\u1ea1i \u0111\u00e2y<\/a><\/p>\n<p><strong>2. Th\u1ee7 t\u1ee5c C\u1ea5p gi\u1ea5y ch\u1ee9ng nh\u1eadn ki\u1ec3m d\u1ecbch y t\u1ebf thi th\u1ec3, h\u00e0i c\u1ed1t: <\/strong><a href=\"https:\/\/dichvucong.gov.vn\/p\/home\/dvc-danh-sach-dich-vu-cong.html?tu_khoa=&amp;bo_nganh=&amp;tinh_thanh=T%E1%BB%89nh%20An%20Giang&amp;so=S%E1%BB%9F%20Y%20t%E1%BA%BF%20-%20t%E1%BB%89nh%20An%20Giang&amp;quan_huyen=&amp;phuong_xa=&amp;ma_tt=2.000972&amp;id_tinh_thanh=13464&amp;id_quan_huyen=-1&amp;id_phuong_xa=undefined&amp;id_so=398212&amp;id_bo_nganh=-1\" target=\"_blank\" rel=\"noopener\">Th\u00f4ng tin chi ti\u1ebft t\u1ea1i \u0111\u00e2y<\/a><\/p>\n<p><strong>3. Th\u1ee7 t\u1ee5c Ki\u1ec3m d\u1ecbch y t\u1ebf \u0111\u1ed1i v\u1edbi ph\u01b0\u01a1ng ti\u1ec7n v\u1eadn t\u1ea3i: <\/strong><a href=\"https:\/\/dichvucong.gov.vn\/p\/home\/dvc-danh-sach-dich-vu-cong.html?tu_khoa=&amp;bo_nganh=&amp;tinh_thanh=T%E1%BB%89nh%20An%20Giang&amp;so=S%E1%BB%9F%20Y%20t%E1%BA%BF%20-%20t%E1%BB%89nh%20An%20Giang&amp;quan_huyen=&amp;phuong_xa=&amp;ma_tt=2.000993&amp;id_tinh_thanh=13464&amp;id_quan_huyen=-1&amp;id_phuong_xa=undefined&amp;id_so=398212&amp;id_bo_nganh=-1\" target=\"_blank\" rel=\"noopener\">Th\u00f4ng tin chi ti\u1ebft t\u1ea1i \u0111\u00e2y<\/a><\/p>\n<p><span style=\"font-size: 12pt;\">T\u1ea3i Quy\u1ebft \u0111\u1ecbnh 230\/Q\u0110-UBND v\u00e0 Ph\u1ee5 l\u1ee5c 1, Ph\u1ee5 l\u1ee5c 2: <a href=\"https:\/\/drive.google.com\/drive\/folders\/1AO04KCqiczw4wdHXOzOYmMumDtlvzJ-i?usp=drive_link\" target=\"_blank\" rel=\"noopener\">t\u1ea1i \u0111\u00e2y<\/a>\u00a0<\/span><\/p>\n<p>&nbsp;<\/p>\n<p><span style=\"font-size: 14pt;\">C\u00f4ng b\u1ed1, c\u00f4ng khai 01 th\u1ee7 t\u1ee5c h\u00e0nh ch\u00ednh v\u1ec1 Ki\u1ec3m d\u1ecbch y t\u1ebf t\u1ea1i Trung t\u00e2m Ki\u1ec3m so\u00e1t b\u1ec7nh t\u1eadt t\u1ec9nh An Giang tr\u00ean C\u1ed5ng d\u1ecbch v\u1ee5 c\u00f4ng Qu\u1ed1c gia:<\/span><\/p>\n<p><strong>1. Th\u1ee7 t\u1ee5c C\u1ea5p gi\u1ea5y ch\u1ee9ng nh\u1eadn ti\u00eam ch\u1ee7ng qu\u1ed1c t\u1ebf ho\u1eb7c \u00e1p d\u1ee5ng bi\u1ec7n ph\u00e1p d\u1ef1 ph\u00f2ng: <\/strong><a href=\"https:\/\/dichvucong.gov.vn\/p\/home\/dvc-danh-sach-dich-vu-cong.html?tu_khoa=&amp;bo_nganh=&amp;tinh_thanh=T%E1%BB%89nh%20An%20Giang&amp;so=S%E1%BB%9F%20Y%20t%E1%BA%BF%20-%20t%E1%BB%89nh%20An%20Giang&amp;quan_huyen=&amp;phuong_xa=&amp;ma_tt=2.000997&amp;id_tinh_thanh=13464&amp;id_quan_huyen=-1&amp;id_phuong_xa=undefined&amp;id_so=398212&amp;id_bo_nganh=-1\" target=\"_blank\" rel=\"noopener\">Th\u00f4ng tin chi ti\u1ebft t\u1ea1i \u0111\u00e2y<\/a><span style=\"font-size: 12pt; color: #ffffff;\">\u1ea3i Quy\u1ebft \u0111\u1ecbnh 183\/Q\u0110-UBND: <a style=\"color: #ffffff;\" href=\"https:\/\/drive.google.com\/file\/d\/1whNbAQyVps2VG28rLQN5DSgAtBsHEWw1\/view\" target=\"_blank\" rel=\"noopener\">t\u1ea1i \u0111\u00e2y<\/a>\u00a0<\/span><\/p>\n<p style=\"text-align: right;\"><em>Ngu\u1ed3n: <a href=\"https:\/\/dichvucong.gov.vn\/p\/home\/dvc-trang-chu.html\" target=\"_blank\" rel=\"noopener\">C\u1ed5ng d\u1ecbch v\u1ee5 c\u00f4ng Qu\u1ed1c gia<\/a><\/em><\/p>\n<p>&nbsp;<\/p>\n","protected":false},"excerpt":{"rendered":"<p>C\u00f4ng b\u1ed1, c\u00f4ng khai 03 th\u1ee7 t\u1ee5c h\u00e0nh ch\u00ednh v\u1ec1 Ki\u1ec3m d\u1ecbch y t\u1ebf t\u1ea1i Trung t\u00e2m Ki\u1ec3m so\u00e1t b\u1ec7nh t\u1eadt t\u1ec9nh An Giang tr\u00ean C\u1ed5ng d\u1ecbch v\u1ee5 c\u00f4ng Qu\u1ed1c gia v\u00e0 theo Ph\u1ee5 l\u1ee5c 2: Danh m\u1ee5c th\u1ee7 t\u1ee5c h\u00e0nh ch\u00ednh kh\u00f4ng th\u1ef1c hi\u1ec7n ti\u1ebfp nh\u1eadn t\u1ea1i Trung t\u00e2m Ph\u1ee5c v\u1ee5 h\u00e0nh ch\u00ednh c\u00f4ng [&hellip;]<\/p>\n","protected":false},"author":8,"featured_media":0,"parent":0,"menu_order":0,"comment_status":"closed","ping_status":"closed","template":"","meta":{"limit_modified_date":"","last_modified_date":"","footnotes":""},"class_list":["post-26118","page","type-page","status-publish","hentry"],"_links":{"self":[{"href":"https:\/\/cdcangiang.vn\/index.php\/wp-json\/wp\/v2\/pages\/26118","targetHints":{"allow":["GET"]}}],"collection":[{"href":"https:\/\/cdcangiang.vn\/index.php\/wp-json\/wp\/v2\/pages"}],"about":[{"href":"https:\/\/cdcangiang.vn\/index.php\/wp-json\/wp\/v2\/types\/page"}],"author":[{"embeddable":true,"href":"https:\/\/cdcangiang.vn\/index.php\/wp-json\/wp\/v2\/users\/8"}],"replies":[{"embeddable":true,"href":"https:\/\/cdcangiang.vn\/index.php\/wp-json\/wp\/v2\/comments?post=26118"}],"version-history":[{"count":17,"href":"https:\/\/cdcangiang.vn\/index.php\/wp-json\/wp\/v2\/pages\/26118\/revisions"}],"predecessor-version":[{"id":35499,"href":"https:\/\/cdcangiang.vn\/index.php\/wp-json\/wp\/v2\/pages\/26118\/revisions\/35499"}],"wp:attachment":[{"href":"https:\/\/cdcangiang.vn\/index.php\/wp-json\/wp\/v2\/media?parent=26118"}],"curies":[{"name":"wp","href":"https:\/\/api.w.org\/{rel}","templated":true}]}}